{"id":363,"date":"2019-12-19T22:19:18","date_gmt":"2019-12-19T21:19:18","guid":{"rendered":"https:\/\/letoilecosmetiques.com\/produit\/preventive-anti-aging-cream\/"},"modified":"2026-04-04T18:23:13","modified_gmt":"2026-04-04T22:23:13","slug":"preventive-anti-aging-cream","status":"publish","type":"product","link":"https:\/\/letoilecosmetiques.com\/en\/produit\/preventive-anti-aging-cream\/","title":{"rendered":"Preventive Anti-Aging Cream"},"content":{"rendered":"<p>L\u2019\u00c9TOILE COSM\u00c9TIQUES Preventive Anti-Aging Cream contains a high concentration of the patented technology JUVENTIDE<sup>\u00ae<\/sup>. This light cream provides intense hydration, firms up and smoothes the skin by stimulating the essential functions of the skin. It is ideal for:<\/p>\n<h4>Its preventive action<\/h4>\n<ul>\n<li>Improved retention of water molecules<\/li>\n<li>Increased reservoir capacity of the skin<\/li>\n<li>Strengthening of the protective shield<\/li>\n<\/ul>\n<h4>Its anti-aging action<\/h4>\n<ul>\n<li>Densification of the ECM for an increased firmness<\/li>\n<li>Free-radical protection<\/li>\n<li>First response against early signs of skin aging<\/li>\n<\/ul>\n<p>GTIN: 628942149078<\/p>\n","protected":false},"excerpt":{"rendered":"<p>Application morning and night<br \/>\nAll skin types<\/p>\n","protected":false},"featured_media":364,"comment_status":"open","ping_status":"closed","template":"","meta":[],"product_brand":[],"product_cat":[31,50],"product_tag":[],"class_list":{"0":"post-363","1":"product","2":"type-product","3":"status-publish","4":"has-post-thumbnail","6":"product_cat-creams","7":"product_cat-facial_care","9":"first","10":"instock","11":"taxable","12":"shipping-taxable","13":"purchasable","14":"product-type-simple"},"yoast_head":"<!-- This site is optimized with the Yoast SEO plugin v27.3 - https:\/\/yoast.com\/product\/yoast-seo-wordpress\/ -->\n<title>Preventive Anti-Aging Cream - L&#039;\u00c9toile Cosm\u00e9tiques<\/title>\n<meta name=\"robots\" content=\"index, follow, max-snippet:-1, max-image-preview:large, max-video-preview:-1\" \/>\n<link rel=\"canonical\" href=\"https:\/\/letoilecosmetiques.com\/en\/produit\/preventive-anti-aging-cream\/\" \/>\n<meta property=\"og:locale\" content=\"en_US\" \/>\n<meta property=\"og:type\" content=\"article\" \/>\n<meta property=\"og:title\" content=\"Preventive Anti-Aging Cream - L&#039;\u00c9toile Cosm\u00e9tiques\" \/>\n<meta property=\"og:description\" content=\"Application morning and night All skin types\" \/>\n<meta property=\"og:url\" content=\"https:\/\/letoilecosmetiques.com\/en\/produit\/preventive-anti-aging-cream\/\" \/>\n<meta property=\"og:site_name\" content=\"L&#039;\u00c9toile Cosm\u00e9tiques\" \/>\n<meta property=\"article:publisher\" content=\"https:\/\/www.facebook.com\/letoilecosmetiques\" \/>\n<meta property=\"article:modified_time\" content=\"2026-04-04T22:23:13+00:00\" \/>\n<meta property=\"og:image\" content=\"https:\/\/letoilecosmetiques.com\/wp-content\/uploads\/2019\/12\/creme-anti-age.jpg\" \/>\n\t<meta property=\"og:image:width\" content=\"2000\" \/>\n\t<meta property=\"og:image:height\" content=\"1708\" \/>\n\t<meta property=\"og:image:type\" content=\"image\/jpeg\" \/>\n<meta name=\"twitter:card\" content=\"summary_large_image\" \/>\n<meta name=\"twitter:label1\" content=\"Est. reading time\" \/>\n\t<meta name=\"twitter:data1\" content=\"1 minute\" \/>\n<script type=\"application\/ld+json\" class=\"yoast-schema-graph\">{\"@context\":\"https:\\\/\\\/schema.org\",\"@graph\":[{\"@type\":\"WebPage\",\"@id\":\"https:\\\/\\\/letoilecosmetiques.com\\\/en\\\/produit\\\/preventive-anti-aging-cream\\\/\",\"url\":\"https:\\\/\\\/letoilecosmetiques.com\\\/en\\\/produit\\\/preventive-anti-aging-cream\\\/\",\"name\":\"Preventive Anti-Aging Cream - L&#039;\u00c9toile Cosm\u00e9tiques\",\"isPartOf\":{\"@id\":\"https:\\\/\\\/letoilecosmetiques.com\\\/#website\"},\"primaryImageOfPage\":{\"@id\":\"https:\\\/\\\/letoilecosmetiques.com\\\/en\\\/produit\\\/preventive-anti-aging-cream\\\/#primaryimage\"},\"image\":{\"@id\":\"https:\\\/\\\/letoilecosmetiques.com\\\/en\\\/produit\\\/preventive-anti-aging-cream\\\/#primaryimage\"},\"thumbnailUrl\":\"https:\\\/\\\/letoilecosmetiques.com\\\/wp-content\\\/uploads\\\/2019\\\/12\\\/creme-anti-age.jpg\",\"datePublished\":\"2019-12-19T21:19:18+00:00\",\"dateModified\":\"2026-04-04T22:23:13+00:00\",\"breadcrumb\":{\"@id\":\"https:\\\/\\\/letoilecosmetiques.com\\\/en\\\/produit\\\/preventive-anti-aging-cream\\\/#breadcrumb\"},\"inLanguage\":\"en-US\",\"potentialAction\":[{\"@type\":\"ReadAction\",\"target\":[\"https:\\\/\\\/letoilecosmetiques.com\\\/en\\\/produit\\\/preventive-anti-aging-cream\\\/\"]}]},{\"@type\":\"ImageObject\",\"inLanguage\":\"en-US\",\"@id\":\"https:\\\/\\\/letoilecosmetiques.com\\\/en\\\/produit\\\/preventive-anti-aging-cream\\\/#primaryimage\",\"url\":\"https:\\\/\\\/letoilecosmetiques.com\\\/wp-content\\\/uploads\\\/2019\\\/12\\\/creme-anti-age.jpg\",\"contentUrl\":\"https:\\\/\\\/letoilecosmetiques.com\\\/wp-content\\\/uploads\\\/2019\\\/12\\\/creme-anti-age.jpg\",\"width\":2000,\"height\":1708,\"caption\":\"s\u00e9rum r\u00e9g\u00e9n\u00e9rant correcteur anti-ride\"},{\"@type\":\"BreadcrumbList\",\"@id\":\"https:\\\/\\\/letoilecosmetiques.com\\\/en\\\/produit\\\/preventive-anti-aging-cream\\\/#breadcrumb\",\"itemListElement\":[{\"@type\":\"ListItem\",\"position\":1,\"name\":\"Accueil\",\"item\":\"https:\\\/\\\/letoilecosmetiques.com\\\/en\\\/\"},{\"@type\":\"ListItem\",\"position\":2,\"name\":\"Shop\",\"item\":\"https:\\\/\\\/letoilecosmetiques.com\\\/en\\\/shop\\\/\"},{\"@type\":\"ListItem\",\"position\":3,\"name\":\"Preventive Anti-Aging Cream\"}]},{\"@type\":\"WebSite\",\"@id\":\"https:\\\/\\\/letoilecosmetiques.com\\\/#website\",\"url\":\"https:\\\/\\\/letoilecosmetiques.com\\\/\",\"name\":\"L&#039;\u00c9toile Cosm\u00e9tiques\",\"description\":\"The exceptional regenerative power of starfish\",\"publisher\":{\"@id\":\"https:\\\/\\\/letoilecosmetiques.com\\\/#organization\"},\"potentialAction\":[{\"@type\":\"SearchAction\",\"target\":{\"@type\":\"EntryPoint\",\"urlTemplate\":\"https:\\\/\\\/letoilecosmetiques.com\\\/?s={search_term_string}\"},\"query-input\":{\"@type\":\"PropertyValueSpecification\",\"valueRequired\":true,\"valueName\":\"search_term_string\"}}],\"inLanguage\":\"en-US\"},{\"@type\":\"Organization\",\"@id\":\"https:\\\/\\\/letoilecosmetiques.com\\\/#organization\",\"name\":\"L'\u00c9TOILE cosm\u00e9tiques\",\"url\":\"https:\\\/\\\/letoilecosmetiques.com\\\/\",\"logo\":{\"@type\":\"ImageObject\",\"inLanguage\":\"en-US\",\"@id\":\"https:\\\/\\\/letoilecosmetiques.com\\\/#\\\/schema\\\/logo\\\/image\\\/\",\"url\":\"https:\\\/\\\/letoilecosmetiques.com\\\/wp-content\\\/uploads\\\/2022\\\/07\\\/letoile-cosmetiques-logo.jpg\",\"contentUrl\":\"https:\\\/\\\/letoilecosmetiques.com\\\/wp-content\\\/uploads\\\/2022\\\/07\\\/letoile-cosmetiques-logo.jpg\",\"width\":1424,\"height\":1014,\"caption\":\"L'\u00c9TOILE cosm\u00e9tiques\"},\"image\":{\"@id\":\"https:\\\/\\\/letoilecosmetiques.com\\\/#\\\/schema\\\/logo\\\/image\\\/\"},\"sameAs\":[\"https:\\\/\\\/www.facebook.com\\\/letoilecosmetiques\"]}]}<\/script>\n<!-- \/ Yoast SEO plugin. -->","yoast_head_json":{"title":"Preventive Anti-Aging Cream - L&#039;\u00c9toile Cosm\u00e9tiques","robots":{"index":"index","follow":"follow","max-snippet":"max-snippet:-1","max-image-preview":"max-image-preview:large","max-video-preview":"max-video-preview:-1"},"canonical":"https:\/\/letoilecosmetiques.com\/en\/produit\/preventive-anti-aging-cream\/","og_locale":"en_US","og_type":"article","og_title":"Preventive Anti-Aging Cream - L&#039;\u00c9toile Cosm\u00e9tiques","og_description":"Application morning and night All skin types","og_url":"https:\/\/letoilecosmetiques.com\/en\/produit\/preventive-anti-aging-cream\/","og_site_name":"L&#039;\u00c9toile Cosm\u00e9tiques","article_publisher":"https:\/\/www.facebook.com\/letoilecosmetiques","article_modified_time":"2026-04-04T22:23:13+00:00","og_image":[{"width":2000,"height":1708,"url":"https:\/\/letoilecosmetiques.com\/wp-content\/uploads\/2019\/12\/creme-anti-age.jpg","type":"image\/jpeg"}],"twitter_card":"summary_large_image","twitter_misc":{"Est. reading time":"1 minute"},"schema":{"@context":"https:\/\/schema.org","@graph":[{"@type":"WebPage","@id":"https:\/\/letoilecosmetiques.com\/en\/produit\/preventive-anti-aging-cream\/","url":"https:\/\/letoilecosmetiques.com\/en\/produit\/preventive-anti-aging-cream\/","name":"Preventive Anti-Aging Cream - L&#039;\u00c9toile Cosm\u00e9tiques","isPartOf":{"@id":"https:\/\/letoilecosmetiques.com\/#website"},"primaryImageOfPage":{"@id":"https:\/\/letoilecosmetiques.com\/en\/produit\/preventive-anti-aging-cream\/#primaryimage"},"image":{"@id":"https:\/\/letoilecosmetiques.com\/en\/produit\/preventive-anti-aging-cream\/#primaryimage"},"thumbnailUrl":"https:\/\/letoilecosmetiques.com\/wp-content\/uploads\/2019\/12\/creme-anti-age.jpg","datePublished":"2019-12-19T21:19:18+00:00","dateModified":"2026-04-04T22:23:13+00:00","breadcrumb":{"@id":"https:\/\/letoilecosmetiques.com\/en\/produit\/preventive-anti-aging-cream\/#breadcrumb"},"inLanguage":"en-US","potentialAction":[{"@type":"ReadAction","target":["https:\/\/letoilecosmetiques.com\/en\/produit\/preventive-anti-aging-cream\/"]}]},{"@type":"ImageObject","inLanguage":"en-US","@id":"https:\/\/letoilecosmetiques.com\/en\/produit\/preventive-anti-aging-cream\/#primaryimage","url":"https:\/\/letoilecosmetiques.com\/wp-content\/uploads\/2019\/12\/creme-anti-age.jpg","contentUrl":"https:\/\/letoilecosmetiques.com\/wp-content\/uploads\/2019\/12\/creme-anti-age.jpg","width":2000,"height":1708,"caption":"s\u00e9rum r\u00e9g\u00e9n\u00e9rant correcteur anti-ride"},{"@type":"BreadcrumbList","@id":"https:\/\/letoilecosmetiques.com\/en\/produit\/preventive-anti-aging-cream\/#breadcrumb","itemListElement":[{"@type":"ListItem","position":1,"name":"Accueil","item":"https:\/\/letoilecosmetiques.com\/en\/"},{"@type":"ListItem","position":2,"name":"Shop","item":"https:\/\/letoilecosmetiques.com\/en\/shop\/"},{"@type":"ListItem","position":3,"name":"Preventive Anti-Aging Cream"}]},{"@type":"WebSite","@id":"https:\/\/letoilecosmetiques.com\/#website","url":"https:\/\/letoilecosmetiques.com\/","name":"L&#039;\u00c9toile Cosm\u00e9tiques","description":"The exceptional regenerative power of starfish","publisher":{"@id":"https:\/\/letoilecosmetiques.com\/#organization"},"potentialAction":[{"@type":"SearchAction","target":{"@type":"EntryPoint","urlTemplate":"https:\/\/letoilecosmetiques.com\/?s={search_term_string}"},"query-input":{"@type":"PropertyValueSpecification","valueRequired":true,"valueName":"search_term_string"}}],"inLanguage":"en-US"},{"@type":"Organization","@id":"https:\/\/letoilecosmetiques.com\/#organization","name":"L'\u00c9TOILE cosm\u00e9tiques","url":"https:\/\/letoilecosmetiques.com\/","logo":{"@type":"ImageObject","inLanguage":"en-US","@id":"https:\/\/letoilecosmetiques.com\/#\/schema\/logo\/image\/","url":"https:\/\/letoilecosmetiques.com\/wp-content\/uploads\/2022\/07\/letoile-cosmetiques-logo.jpg","contentUrl":"https:\/\/letoilecosmetiques.com\/wp-content\/uploads\/2022\/07\/letoile-cosmetiques-logo.jpg","width":1424,"height":1014,"caption":"L'\u00c9TOILE cosm\u00e9tiques"},"image":{"@id":"https:\/\/letoilecosmetiques.com\/#\/schema\/logo\/image\/"},"sameAs":["https:\/\/www.facebook.com\/letoilecosmetiques"]}]}},"_links":{"self":[{"href":"https:\/\/letoilecosmetiques.com\/en\/wp-json\/wp\/v2\/product\/363","targetHints":{"allow":["GET"]}}],"collection":[{"href":"https:\/\/letoilecosmetiques.com\/en\/wp-json\/wp\/v2\/product"}],"about":[{"href":"https:\/\/letoilecosmetiques.com\/en\/wp-json\/wp\/v2\/types\/product"}],"replies":[{"embeddable":true,"href":"https:\/\/letoilecosmetiques.com\/en\/wp-json\/wp\/v2\/comments?post=363"}],"wp:featuredmedia":[{"embeddable":true,"href":"https:\/\/letoilecosmetiques.com\/en\/wp-json\/wp\/v2\/media\/364"}],"wp:attachment":[{"href":"https:\/\/letoilecosmetiques.com\/en\/wp-json\/wp\/v2\/media?parent=363"}],"wp:term":[{"taxonomy":"product_brand","embeddable":true,"href":"https:\/\/letoilecosmetiques.com\/en\/wp-json\/wp\/v2\/product_brand?post=363"},{"taxonomy":"product_cat","embeddable":true,"href":"https:\/\/letoilecosmetiques.com\/en\/wp-json\/wp\/v2\/product_cat?post=363"},{"taxonomy":"product_tag","embeddable":true,"href":"https:\/\/letoilecosmetiques.com\/en\/wp-json\/wp\/v2\/product_tag?post=363"}],"curies":[{"name":"wp","href":"https:\/\/api.w.org\/{rel}","templated":true}]}}